{"id":107,"date":"2024-10-09T03:47:14","date_gmt":"2024-10-09T01:47:14","guid":{"rendered":"https:\/\/abpservices.com.co\/inicio\/about\/"},"modified":"2024-11-13T23:26:26","modified_gmt":"2024-11-13T22:26:26","slug":"nosotros","status":"publish","type":"page","link":"https:\/\/abpservices.com.co\/inicio\/nosotros\/","title":{"rendered":"Nosotros"},"content":{"rendered":"\n<div class=\"wp-block-uagb-container uagb-block-8de9c239 alignfull uagb-is-root-container\"><div class=\"uagb-container-inner-blocks-wrap\">\n<div class=\"wp-block-uagb-advanced-heading uagb-block-99148d6e\"><h1 class=\"uagb-heading-text\">\u00bfquienes somos?<\/h1><\/div>\n<\/div><\/div>\n\n\n\n<div class=\"wp-block-uagb-container uagb-block-c1107f9e alignfull uagb-is-root-container\"><div class=\"uagb-container-inner-blocks-wrap\">\n<div class=\"wp-block-uagb-image uagb-block-c87c2e84 wp-block-uagb-image--layout-default wp-block-uagb-image--effect-static wp-block-uagb-image--align-none\"><figure class=\"wp-block-uagb-image__figure\"><img decoding=\"async\" srcset=\"https:\/\/abpservices.com.co\/inicio\/wp-content\/uploads\/2024\/10\/servicios-1.jpg ,https:\/\/abpservices.com.co\/inicio\/wp-content\/uploads\/2024\/10\/servicios-1.jpg 780w, https:\/\/abpservices.com.co\/inicio\/wp-content\/uploads\/2024\/10\/servicios-1.jpg 360w\" sizes=\"auto, (max-width: 480px) 150px\" src=\"https:\/\/abpservices.com.co\/inicio\/wp-content\/uploads\/2024\/10\/servicios-1.jpg\" alt=\"\" class=\"uag-image-887\" width=\"1024\" height=\"762\" title=\"servicios\" loading=\"lazy\" role=\"img\"\/><\/figure><\/div>\n\n\n\n<div class=\"wp-block-uagb-info-box uagb-block-fc0d3afc uagb-infobox__content-wrap  uagb-infobox-icon-above-title uagb-infobox-image-valign-top\"><div class=\"uagb-ifb-content\"><div class=\"uagb-ifb-title-wrap\"><h2 class=\"uagb-ifb-title\">Historia <\/h2><\/div><p class=\"uagb-ifb-desc\">ABP Services nace como respuesta a la necesidad del sector industrial local en la ejecuci\u00f3n de proyectos de ingenier\u00eda, construcci\u00f3n, mantenimiento y montajes<br>industriales con entregas a tiempo, caracteriz\u00e1ndonos por la flexibilidad hac\u00eda nuestros clientes para satisfacer sus necesidades inmediatas.<\/p><\/div><\/div>\n<\/div><\/div>\n\n\n\n<div class=\"wp-block-uagb-container uagb-block-c6306452 alignfull uagb-is-root-container\"><div class=\"uagb-container-inner-blocks-wrap\">\n<div class=\"wp-block-uagb-image uagb-block-9311afac wp-block-uagb-image--layout-default wp-block-uagb-image--effect-static wp-block-uagb-image--align-none\"><figure class=\"wp-block-uagb-image__figure\"><img decoding=\"async\" srcset=\"https:\/\/abpservices.com.co\/inicio\/wp-content\/uploads\/2024\/10\/Grafico-o-Tabla-de-Mision-Vision-Valores-de-la-Empresa-Moderno-y-Creativo-Multicolor-4.png ,https:\/\/abpservices.com.co\/inicio\/wp-content\/uploads\/2024\/10\/Grafico-o-Tabla-de-Mision-Vision-Valores-de-la-Empresa-Moderno-y-Creativo-Multicolor-4.png 780w, https:\/\/abpservices.com.co\/inicio\/wp-content\/uploads\/2024\/10\/Grafico-o-Tabla-de-Mision-Vision-Valores-de-la-Empresa-Moderno-y-Creativo-Multicolor-4.png 360w\" sizes=\"auto, (max-width: 480px) 150px\" src=\"https:\/\/abpservices.com.co\/inicio\/wp-content\/uploads\/2024\/10\/Grafico-o-Tabla-de-Mision-Vision-Valores-de-la-Empresa-Moderno-y-Creativo-Multicolor-4.png\" alt=\"\" class=\"uag-image-964\" width=\"1024\" height=\"768\" title=\"Gr\u00e1fico o Tabla de Misi\u00f3n Visi\u00f3n Valores de la Empresa Moderno y Creativo Multicolor\" loading=\"lazy\" role=\"img\"\/><\/figure><\/div>\n<\/div><\/div>\n\n\n\n<div class=\"wp-block-uagb-container uagb-block-6b740e3c alignfull uagb-is-root-container\"><div class=\"uagb-container-inner-blocks-wrap\">\n<div class=\"wp-block-uagb-image uagb-block-3d973654 wp-block-uagb-image--layout-default wp-block-uagb-image--effect-static wp-block-uagb-image--align-none\"><figure class=\"wp-block-uagb-image__figure\"><img decoding=\"async\" srcset=\"https:\/\/abpservices.com.co\/inicio\/wp-content\/uploads\/2024\/10\/Grafico-Estadisticas-Resultados-Moderno-y-Colorido-Rojo-Amarillo-y-Verde.png ,https:\/\/abpservices.com.co\/inicio\/wp-content\/uploads\/2024\/10\/Grafico-Estadisticas-Resultados-Moderno-y-Colorido-Rojo-Amarillo-y-Verde.png 780w, https:\/\/abpservices.com.co\/inicio\/wp-content\/uploads\/2024\/10\/Grafico-Estadisticas-Resultados-Moderno-y-Colorido-Rojo-Amarillo-y-Verde.png 360w\" sizes=\"auto, (max-width: 480px) 150px\" src=\"https:\/\/abpservices.com.co\/inicio\/wp-content\/uploads\/2024\/10\/Grafico-Estadisticas-Resultados-Moderno-y-Colorido-Rojo-Amarillo-y-Verde.png\" alt=\"\" class=\"uag-image-1014\" width=\"880\" height=\"432\" title=\"Gr\u00e1fico Estad\u00edsticas Resultados Moderno y Colorido Rojo Amarillo y Verde\" loading=\"lazy\" role=\"img\"\/><\/figure><\/div>\n<\/div><\/div>\n\n\n\n<p><\/p>\n","protected":false},"excerpt":{"rendered":"<p>\u00bfquienes somos?<\/p>\n","protected":false},"author":1,"featured_media":0,"parent":0,"menu_order":0,"comment_status":"closed","ping_status":"closed","template":"","meta":{"_uag_custom_page_level_css":"","site-sidebar-layout":"default","site-content-layout":"","ast-site-content-layout":"default","site-content-style":"default","site-sidebar-style":"default","ast-global-header-display":"","ast-banner-title-visibility":"","ast-main-header-display":"","ast-hfb-above-header-display":"","ast-hfb-below-header-display":"","ast-hfb-mobile-header-display":"","site-post-title":"disabled","ast-breadcrumbs-content":"","ast-featured-img":"","footer-sml-layout":"","theme-transparent-header-meta":"disabled","adv-header-id-meta":"","stick-header-meta":"","header-above-stick-meta":"","header-main-stick-meta":"","header-below-stick-meta":"","astra-migrate-meta-layouts":"set","ast-page-background-enabled":"default","ast-page-background-meta":{"desktop":{"background-color":"var(--ast-global-color-4)","background-image":"","background-repeat":"repeat","background-position":"center center","background-size":"auto","background-attachment":"scroll","background-type":"","background-media":"","overlay-type":"","overlay-color":"","overlay-opacity":"","overlay-gradient":""},"tablet":{"background-color":"","background-image":"","background-repeat":"repeat","background-position":"center center","background-size":"auto","background-attachment":"scroll","background-type":"","background-media":"","overlay-type":"","overlay-color":"","overlay-opacity":"","overlay-gradient":""},"mobile":{"background-color":"","background-image":"","background-repeat":"repeat","background-position":"center center","background-size":"auto","background-attachment":"scroll","background-type":"","background-media":"","overlay-type":"","overlay-color":"","overlay-opacity":"","overlay-gradient":""}},"ast-content-background-meta":{"desktop":{"background-color":"var(--ast-global-color-5)","background-image":"","background-repeat":"repeat","background-position":"center center","background-size":"auto","background-attachment":"scroll","background-type":"","background-media":"","overlay-type":"","overlay-color":"","overlay-opacity":"","overlay-gradient":""},"tablet":{"background-color":"var(--ast-global-color-5)","background-image":"","background-repeat":"repeat","background-position":"center center","background-size":"auto","background-attachment":"scroll","background-type":"","background-media":"","overlay-type":"","overlay-color":"","overlay-opacity":"","overlay-gradient":""},"mobile":{"background-color":"var(--ast-global-color-5)","background-image":"","background-repeat":"repeat","background-position":"center center","background-size":"auto","background-attachment":"scroll","background-type":"","background-media":"","overlay-type":"","overlay-color":"","overlay-opacity":"","overlay-gradient":""}},"footnotes":""},"class_list":["post-107","page","type-page","status-publish","hentry"],"uagb_featured_image_src":{"full":false,"thumbnail":false,"medium":false,"medium_large":false,"large":false,"1536x1536":false,"2048x2048":false},"uagb_author_info":{"display_name":"abp2","author_link":"https:\/\/abpservices.com.co\/inicio\/author\/abp2\/"},"uagb_comment_info":0,"uagb_excerpt":"\u00bfquienes somos?","_links":{"self":[{"href":"https:\/\/abpservices.com.co\/inicio\/wp-json\/wp\/v2\/pages\/107","targetHints":{"allow":["GET"]}}],"collection":[{"href":"https:\/\/abpservices.com.co\/inicio\/wp-json\/wp\/v2\/pages"}],"about":[{"href":"https:\/\/abpservices.com.co\/inicio\/wp-json\/wp\/v2\/types\/page"}],"author":[{"embeddable":true,"href":"https:\/\/abpservices.com.co\/inicio\/wp-json\/wp\/v2\/users\/1"}],"replies":[{"embeddable":true,"href":"https:\/\/abpservices.com.co\/inicio\/wp-json\/wp\/v2\/comments?post=107"}],"version-history":[{"count":23,"href":"https:\/\/abpservices.com.co\/inicio\/wp-json\/wp\/v2\/pages\/107\/revisions"}],"predecessor-version":[{"id":1025,"href":"https:\/\/abpservices.com.co\/inicio\/wp-json\/wp\/v2\/pages\/107\/revisions\/1025"}],"wp:attachment":[{"href":"https:\/\/abpservices.com.co\/inicio\/wp-json\/wp\/v2\/media?parent=107"}],"curies":[{"name":"wp","href":"https:\/\/api.w.org\/{rel}","templated":true}]}}