{"id":78,"date":"2024-10-09T03:47:14","date_gmt":"2024-10-09T01:47:14","guid":{"rendered":"https:\/\/abpservices.com.co\/inicio\/home\/"},"modified":"2024-11-01T06:15:05","modified_gmt":"2024-11-01T05:15:05","slug":"inicio","status":"publish","type":"page","link":"https:\/\/abpservices.com.co\/inicio\/","title":{"rendered":"Inicio"},"content":{"rendered":"\n<div class=\"wp-block-uagb-container uagb-block-344bf4c5 default uagb-is-root-container\">\n<div class=\"wp-block-uagb-info-box uagb-block-c5e26958 uagb-infobox__content-wrap  uagb-infobox-icon-above-title uagb-infobox-image-valign-top wp-block-uagb-info-box--has-margin\"><div class=\"uagb-infobox-margin-wrapper\"><div class=\"uagb-ifb-content\"><div class=\"uagb-ifb-title-wrap\"><h1 class=\"uagb-ifb-title-prefix\"><strong>expertos en serviciosde ingenier\u00eda<\/strong><\/h1><\/div><div class=\"uagb-ifb-button-wrapper wp-block-button\"><a href=\"#\" class=\"uagb-infobox-cta-link wp-block-button__link\" target=\"_self\" rel=\"noopener noreferrer\" onclick=\"return false;\"><span class=\"uagb-inline-editing\">EXPLORAR<\/span><\/a><\/div><\/div><\/div><\/div>\n\n\n\n<div class=\"wp-block-columns is-layout-flex wp-container-core-columns-is-layout-28f84493 wp-block-columns-is-layout-flex\">\n<div class=\"wp-block-column is-layout-flow wp-block-column-is-layout-flow\"><\/div>\n<\/div>\n<\/div>\n\n\n\n<div class=\"wp-block-group alignfull is-nowrap is-layout-flex wp-container-core-group-is-layout-6c531013 wp-block-group-is-layout-flex\">\n<div class=\"wp-block-columns is-layout-flex wp-container-core-columns-is-layout-28f84493 wp-block-columns-is-layout-flex\">\n<div class=\"wp-block-column is-layout-flow wp-block-column-is-layout-flow\" style=\"flex-basis:100%\">\n<h2 class=\"wp-block-heading has-text-align-center has-ast-global-color-0-color has-text-color has-link-color wp-elements-c7262af1db36738b44eb8db479496610\">SERVICIOS QUE OFRECEMOS<\/h2>\n\n\n\n<div class=\"wp-block-uagb-container uagb-layout-grid uagb-block-40e14df1 alignfull uagb-is-root-container\"><div class=\"uagb-container-inner-blocks-wrap\">\n<div class=\"wp-block-uagb-info-box uagb-block-bfde9e54 uagb-infobox__content-wrap  uagb-infobox-icon-above-title uagb-infobox-image-valign-top\"><div class=\"uagb-ifb-content\"><div class=\"uagb-ifb-image-content\"><img decoding=\"async\" src=\"https:\/\/abpservices.com.co\/inicio\/wp-content\/uploads\/2024\/10\/tuerca-negra.png\" alt=\"\" width=\"100\" height=\"75\" loading=\"lazy\"\/><\/div><div class=\"uagb-ifb-title-wrap\"><h4 class=\"uagb-ifb-title\">METALMEC\u00c1NICO<\/h4><\/div><p class=\"uagb-ifb-desc\">&#8211; Construcci\u00f3n, fabricaci\u00f3n y montaje (tipo industrial).<br>&#8211; Mantenimiento electromec\u00e1nico industrial.<br>&#8211; Sandblasting y aplicaci\u00f3n de recubrimientos para<br>todo tipo de perfiler\u00eda y tuber\u00eda.<br>&#8211; Fabricaci\u00f3n y montaje de estructuras met\u00e1licas en<br>general.<br>&#8211; Mecanizado de piezas especiales.<br>&#8211; Aislamientos t\u00e9rmicos en bajas y altas temperaturas<br>en fibra de vidrio o poliuretano.<br>&#8211; Fabricaci\u00f3n e instalaci\u00f3n de redes hidr\u00e1ulicas, redes sanitarias<\/p><\/div><\/div>\n\n\n\n<div class=\"wp-block-uagb-info-box uagb-block-304b7ae9 uagb-infobox__content-wrap  uagb-infobox-icon-above-title uagb-infobox-image-valign-top\"><div class=\"uagb-ifb-content\"><div class=\"uagb-ifb-image-content\"><img decoding=\"async\" src=\"https:\/\/abpservices.com.co\/inicio\/wp-content\/uploads\/2024\/10\/raya-negro.png\" alt=\"\" width=\"100\" height=\"75\" loading=\"lazy\"\/><\/div><div class=\"uagb-ifb-title-wrap\"><h4 class=\"uagb-ifb-title\">EL\u00c9CTRICO<\/h4><\/div><p class=\"uagb-ifb-desc\">&#8211; Dise\u00f1o y mantenimiento de redes el\u00e9ctricas.<br>&#8211; Dise\u00f1os de iluminaci\u00f3n.<br>&#8211; Automatizaci\u00f3n de procesos.<br>&#8211; Fabricaci\u00f3n de tableros de potencia y control.<br>&#8211; Fabricaci\u00f3n e instalaci\u00f3n de redes hidr\u00e1ulicas, redes<br>sanitarias<\/p><\/div><\/div>\n\n\n\n<div class=\"wp-block-uagb-info-box uagb-block-4f9d2b4e uagb-infobox__content-wrap  uagb-infobox-icon-above-title uagb-infobox-image-valign-top\"><div class=\"uagb-ifb-content\"><div class=\"uagb-ifb-image-content\"><img decoding=\"async\" src=\"https:\/\/abpservices.com.co\/inicio\/wp-content\/uploads\/2024\/10\/casco-negro.png\" alt=\"\" width=\"100\" height=\"75\" loading=\"lazy\"\/><\/div><div class=\"uagb-ifb-title-wrap\"><h4 class=\"uagb-ifb-title\">CIVIL<\/h4><\/div><p class=\"uagb-ifb-desc\">&#8211; Dise\u00f1o y ejecuci\u00f3n de obras civiles.<br>&#8211; Reparaciones locativas.<br>&#8211; Mantenimiento locativo de plantas industriales.<\/p><\/div><\/div>\n<\/div><\/div>\n<\/div>\n<\/div>\n<\/div>\n\n\n\n<div class=\"wp-block-uagb-container uagb-block-c93ddd66 alignfull uagb-is-root-container\"><div class=\"uagb-container-inner-blocks-wrap\">\n<div class=\"wp-block-uagb-info-box uagb-block-8b5fbd53 uagb-infobox__content-wrap  uagb-infobox-icon-above-title uagb-infobox-image-valign-top\"><div class=\"uagb-ifb-content\"><div class=\"uagb-ifb-title-wrap\"><h2 class=\"uagb-ifb-title\">SOBRE NOSOTROS<\/h2><\/div><p class=\"uagb-ifb-desc\">Microempresa Colombiana, fundada el 5 de Julio de 2019, la cual se dedica al suministro de productos de ferreter\u00eda industrial y domestica, al mismo tiempo ofrecemos servicios de mantenimiento y reparaci\u00f3n industrial, civil y electr\u00f3nico.<\/p><\/div><\/div>\n\n\n\n<div class=\"wp-block-uagb-image uagb-block-0d4b1541 wp-block-uagb-image--layout-default wp-block-uagb-image--effect-static wp-block-uagb-image--align-none\"><figure class=\"wp-block-uagb-image__figure\"><img decoding=\"async\" srcset=\"https:\/\/abpservices.com.co\/inicio\/wp-content\/uploads\/2024\/10\/g22feceb898a2dc8c3314a513e76557f76174baef626ed21fcc374b6ca0f5daf674098e2b2526cd3fd2980595a610ca600200c389c20e4399e3b63f5a69b2a412_1280-8772016-1024x682.jpg ,https:\/\/abpservices.com.co\/inicio\/wp-content\/uploads\/2024\/10\/g22feceb898a2dc8c3314a513e76557f76174baef626ed21fcc374b6ca0f5daf674098e2b2526cd3fd2980595a610ca600200c389c20e4399e3b63f5a69b2a412_1280-8772016.jpg 780w, https:\/\/abpservices.com.co\/inicio\/wp-content\/uploads\/2024\/10\/g22feceb898a2dc8c3314a513e76557f76174baef626ed21fcc374b6ca0f5daf674098e2b2526cd3fd2980595a610ca600200c389c20e4399e3b63f5a69b2a412_1280-8772016.jpg 360w\" sizes=\"auto, (max-width: 480px) 150px\" src=\"https:\/\/abpservices.com.co\/inicio\/wp-content\/uploads\/2024\/10\/g22feceb898a2dc8c3314a513e76557f76174baef626ed21fcc374b6ca0f5daf674098e2b2526cd3fd2980595a610ca600200c389c20e4399e3b63f5a69b2a412_1280-8772016-1024x682.jpg\" alt=\"work, worker, machine\" class=\"uag-image-891\" width=\"530\" height=\"395\" title=\"g22feceb898a2dc8c3314a513e76557f76174baef626ed21fcc374b6ca0f5daf674098e2b2526cd3fd2980595a610ca600200c389c20e4399e3b63f5a69b2a412_1280-8772016\" loading=\"lazy\" role=\"img\"\/><\/figure><\/div>\n<\/div><\/div>\n\n\n\n<div class=\"wp-block-uagb-container uagb-block-3910331a alignfull uagb-is-root-container\"><div class=\"uagb-container-inner-blocks-wrap\">\n<div class=\"wp-block-uagb-call-to-action uagb-block-a7e0f6aa wp-block-button\"><div class=\"uagb-cta__wrap\"><h2 class=\"uagb-cta__title\">HABLA CON  NOSOTROS<\/h2><p class=\"uagb-cta__desc\"><strong>Por medio de correo electr\u00f3nico y whatsApp generamos cotizaciones. <\/strong><\/p><\/div><div class=\"uagb-cta__buttons\"><a href=\"#\" class=\"uagb-cta__button-link-wrapper wp-block-button__link\" target=\"_self\" rel=\"noopener noreferrer\">comercial1@abpservices.com.co<\/a><\/div><\/div>\n\n\n\n<div class=\"wp-block-columns is-layout-flex wp-container-core-columns-is-layout-28f84493 wp-block-columns-is-layout-flex\">\n<div class=\"wp-block-column is-layout-flow wp-block-column-is-layout-flow\"><\/div>\n<\/div>\n<\/div><\/div>\n\n\n\n<p><\/p>\n","protected":false},"excerpt":{"rendered":"<p>SERVICIOS QUE OFRECEMOS<\/p>\n","protected":false},"author":1,"featured_media":0,"parent":0,"menu_order":0,"comment_status":"closed","ping_status":"closed","template":"","meta":{"_uag_custom_page_level_css":"","site-sidebar-layout":"default","site-content-layout":"page-builder","ast-site-content-layout":"full-width-container","site-content-style":"unboxed","site-sidebar-style":"unboxed","ast-global-header-display":"","ast-banner-title-visibility":"","ast-main-header-display":"","ast-hfb-above-header-display":"","ast-hfb-below-header-display":"","ast-hfb-mobile-header-display":"","site-post-title":"disabled","ast-breadcrumbs-content":"","ast-featured-img":"","footer-sml-layout":"","theme-transparent-header-meta":"disabled","adv-header-id-meta":"","stick-header-meta":"","header-above-stick-meta":"","header-main-stick-meta":"","header-below-stick-meta":"","astra-migrate-meta-layouts":"set","ast-page-background-enabled":"default","ast-page-background-meta":{"desktop":{"background-color":"var(--ast-global-color-4)","background-image":"","background-repeat":"repeat","background-position":"center center","background-size":"auto","background-attachment":"scroll","background-type":"","background-media":"","overlay-type":"","overlay-color":"","overlay-opacity":"","overlay-gradient":""},"tablet":{"background-color":"","background-image":"","background-repeat":"repeat","background-position":"center center","background-size":"auto","background-attachment":"scroll","background-type":"","background-media":"","overlay-type":"","overlay-color":"","overlay-opacity":"","overlay-gradient":""},"mobile":{"background-color":"","background-image":"","background-repeat":"repeat","background-position":"center center","background-size":"auto","background-attachment":"scroll","background-type":"","background-media":"","overlay-type":"","overlay-color":"","overlay-opacity":"","overlay-gradient":""}},"ast-content-background-meta":{"desktop":{"background-color":"var(--ast-global-color-5)","background-image":"","background-repeat":"repeat","background-position":"center center","background-size":"auto","background-attachment":"scroll","background-type":"","background-media":"","overlay-type":"","overlay-color":"","overlay-opacity":"","overlay-gradient":""},"tablet":{"background-color":"var(--ast-global-color-5)","background-image":"","background-repeat":"repeat","background-position":"center center","background-size":"auto","background-attachment":"scroll","background-type":"","background-media":"","overlay-type":"","overlay-color":"","overlay-opacity":"","overlay-gradient":""},"mobile":{"background-color":"var(--ast-global-color-5)","background-image":"","background-repeat":"repeat","background-position":"center center","background-size":"auto","background-attachment":"scroll","background-type":"","background-media":"","overlay-type":"","overlay-color":"","overlay-opacity":"","overlay-gradient":""}},"footnotes":""},"class_list":["post-78","page","type-page","status-publish","hentry"],"uagb_featured_image_src":{"full":false,"thumbnail":false,"medium":false,"medium_large":false,"large":false,"1536x1536":false,"2048x2048":false},"uagb_author_info":{"display_name":"abp2","author_link":"https:\/\/abpservices.com.co\/inicio\/author\/abp2\/"},"uagb_comment_info":0,"uagb_excerpt":"SERVICIOS QUE OFRECEMOS","_links":{"self":[{"href":"https:\/\/abpservices.com.co\/inicio\/wp-json\/wp\/v2\/pages\/78","targetHints":{"allow":["GET"]}}],"collection":[{"href":"https:\/\/abpservices.com.co\/inicio\/wp-json\/wp\/v2\/pages"}],"about":[{"href":"https:\/\/abpservices.com.co\/inicio\/wp-json\/wp\/v2\/types\/page"}],"author":[{"embeddable":true,"href":"https:\/\/abpservices.com.co\/inicio\/wp-json\/wp\/v2\/users\/1"}],"replies":[{"embeddable":true,"href":"https:\/\/abpservices.com.co\/inicio\/wp-json\/wp\/v2\/comments?post=78"}],"version-history":[{"count":30,"href":"https:\/\/abpservices.com.co\/inicio\/wp-json\/wp\/v2\/pages\/78\/revisions"}],"predecessor-version":[{"id":1028,"href":"https:\/\/abpservices.com.co\/inicio\/wp-json\/wp\/v2\/pages\/78\/revisions\/1028"}],"wp:attachment":[{"href":"https:\/\/abpservices.com.co\/inicio\/wp-json\/wp\/v2\/media?parent=78"}],"curies":[{"name":"wp","href":"https:\/\/api.w.org\/{rel}","templated":true}]}}